{"id":29272,"date":"2023-12-08T15:09:21","date_gmt":"2023-12-08T11:09:21","guid":{"rendered":"https:\/\/platforma.emicon.tech\/?page_id=29272"},"modified":"2025-09-02T11:38:19","modified_gmt":"2025-09-02T07:38:19","slug":"e-lawyer","status":"publish","type":"page","link":"https:\/\/platform-a.co\/pl\/e-lawyer\/","title":{"rendered":"E-Prawnik"},"content":{"rendered":"<div data-elementor-type=\"wp-page\" data-elementor-id=\"29272\" class=\"elementor elementor-29272\" data-elementor-post-type=\"page\">\n\t\t\t\t\t\t<section class=\"elementor-section elementor-top-section elementor-element elementor-element-1555f26 elementor-section-full_width elementor-section-stretched elementor-section-height-default elementor-section-height-default\" data-id=\"1555f26\" data-element_type=\"section\" data-e-type=\"section\" data-settings=\"{&quot;stretch_section&quot;:&quot;section-stretched&quot;,&quot;background_background&quot;:&quot;classic&quot;}\">\n\t\t\t\t\t\t<div class=\"elementor-container elementor-column-gap-default\">\n\t\t\t\t\t<div class=\"elementor-column elementor-col-100 elementor-top-column elementor-element elementor-element-61e8248\" data-id=\"61e8248\" data-element_type=\"column\" data-e-type=\"column\" data-settings=\"{&quot;background_background&quot;:&quot;classic&quot;}\">\n\t\t\t<div class=\"elementor-widget-wrap elementor-element-populated\">\n\t\t\t\t\t\t<section class=\"elementor-section elementor-inner-section elementor-element elementor-element-13fcba1 elementor-section-boxed elementor-section-height-default elementor-section-height-default\" data-id=\"13fcba1\" data-element_type=\"section\" data-e-type=\"section\">\n\t\t\t\t\t\t<div class=\"elementor-container elementor-column-gap-default\">\n\t\t\t\t\t<div class=\"elementor-column elementor-col-100 elementor-inner-column elementor-element elementor-element-75d25d5\" data-id=\"75d25d5\" data-element_type=\"column\" data-e-type=\"column\">\n\t\t\t<div class=\"elementor-widget-wrap elementor-element-populated\">\n\t\t\t\t\t\t<div class=\"elementor-element elementor-element-d93753b elementor-widget elementor-widget-rs-heading\" data-id=\"d93753b\" data-element_type=\"widget\" data-e-type=\"widget\" data-widget_type=\"rs-heading.default\">\n\t\t\t\t<div class=\"elementor-widget-container\">\n\t\t\t\t\t\n        <div class=\"prelements-heading default animate-default\">\n        \t<div class=\"title-inner\"> \n\t        \t       \t\t      \t\t\n\t            <h2 class=\"title\"><span class=\"watermark\"><\/span><span style=\"color: #F5C10C\">Tw\u00f3j <\/span>business is our <span style=\"color: #F5C10C\"> sukces<\/span><\/h2>\t\t\t\t\n\t\t\t\t\t        <\/div>\n\t                <\/div>\n        \t\t\t\t<\/div>\n\t\t\t\t<\/div>\n\t\t\t\t\t<\/div>\n\t\t<\/div>\n\t\t\t\t\t<\/div>\n\t\t<\/section>\n\t\t\t\t\t<\/div>\n\t\t<\/div>\n\t\t\t\t\t<\/div>\n\t\t<\/section>\n\t\t\t\t<section class=\"elementor-section elementor-top-section elementor-element elementor-element-40adc84 elementor-section-stretched elementor-section-full_width elementor-section-height-default elementor-section-height-default\" data-id=\"40adc84\" data-element_type=\"section\" data-e-type=\"section\" data-settings=\"{&quot;stretch_section&quot;:&quot;section-stretched&quot;,&quot;background_background&quot;:&quot;classic&quot;}\">\n\t\t\t\t\t\t\t<div class=\"elementor-background-overlay\"><\/div>\n\t\t\t\t\t\t\t<div class=\"elementor-container elementor-column-gap-default\">\n\t\t\t\t\t<div class=\"elementor-column elementor-col-100 elementor-top-column elementor-element elementor-element-8c79eb4\" data-id=\"8c79eb4\" data-element_type=\"column\" data-e-type=\"column\">\n\t\t\t<div class=\"elementor-widget-wrap elementor-element-populated\">\n\t\t\t\t\t\t<section class=\"elementor-section elementor-inner-section elementor-element elementor-element-a4bee58 elementor-section-boxed elementor-section-height-default elementor-section-height-default\" data-id=\"a4bee58\" data-element_type=\"section\" data-e-type=\"section\">\n\t\t\t\t\t\t<div class=\"elementor-container elementor-column-gap-default\">\n\t\t\t\t\t<div class=\"elementor-column elementor-col-50 elementor-inner-column elementor-element elementor-element-26efe74\" data-id=\"26efe74\" data-element_type=\"column\" data-e-type=\"column\">\n\t\t\t<div class=\"elementor-widget-wrap elementor-element-populated\">\n\t\t\t\t\t\t<div class=\"elementor-element elementor-element-2fa74d5 elementor-widget elementor-widget-rs-heading\" data-id=\"2fa74d5\" data-element_type=\"widget\" data-e-type=\"widget\" data-widget_type=\"rs-heading.default\">\n\t\t\t\t<div class=\"elementor-widget-container\">\n\t\t\t\t\t\n        <div class=\"prelements-heading default animate- left\">\n        \t<div class=\"title-inner\"> \n\t        \t       \t\t      \t\t\n\t            <h2 class=\"title\"><span class=\"watermark\"><\/span>E-Prawnik<\/h2>\t\t\t\t\n\t\t\t\t\t        <\/div>\n\t                    \t<div class=\"description\">\n            \t\t            \t\t<p>Uzyskaj natychmiastowe odpowiedzi na swoje zapytanie lub w\u0105tpliwo\u015b\u0107 prawn\u0105 poprzez konsultacj\u0119 w formie wideokonferencji z jednym z naszych wykwalifikowanych prawnik\u00f3w. Naszym celem jest dostarczenie Ci wszelkich informacji i narz\u0119dzi niezb\u0119dnych do podj\u0119cia \u015bwiadomej decyzji w sprawie Twojego zapytania prawnego.<\/p><p>Je\u015bli masz do czynienia ze sporem lub konfliktem prawnym i rozwa\u017casz podj\u0119cie krok\u00f3w prawnych, om\u00f3wimy koszty i korzy\u015bci zwi\u0105zane z wniesieniem sprawy, podej\u015bcie, kt\u00f3re najlepiej odpowiada Twoim interesom, oraz oczekiwania zwi\u0105zane z dochodzeniem roszczenia. Je\u015bli nie masz podstaw do sprawy, wyja\u015bnimy Ci, dlaczego tak jest, i om\u00f3wimy inne dost\u0119pne opcje.<br \/><br \/>Je\u015bli nie chcesz p\u0142aci\u0107 za konsultacj\u0119, mo\u017cesz zamiast tego przes\u0142a\u0107 swoje zapytanie tutaj. Przeanalizujemy je i poinformujemy Ci\u0119 e-mailem, czy mo\u017cemy Ci pom\u00f3c. Nale\u017cy pami\u0119ta\u0107, \u017ce ta opcja nie obejmuje wyja\u015bnie\u0144 dotycz\u0105cych prawa, sugerowanych strategii ani profesjonalnej porady prawnej.\u00a0<\/p>  \n            \t<\/div>\n        \t        <\/div>\n        \t\t\t\t<\/div>\n\t\t\t\t<\/div>\n\t\t\t\t\t<\/div>\n\t\t<\/div>\n\t\t\t\t<div class=\"elementor-column elementor-col-50 elementor-inner-column elementor-element elementor-element-cd2e0a9\" data-id=\"cd2e0a9\" data-element_type=\"column\" data-e-type=\"column\">\n\t\t\t<div class=\"elementor-widget-wrap elementor-element-populated\">\n\t\t\t\t\t\t<div class=\"elementor-element elementor-element-c56ea13 elementor-widget elementor-widget-rs-heading\" data-id=\"c56ea13\" data-element_type=\"widget\" data-e-type=\"widget\" data-widget_type=\"rs-heading.default\">\n\t\t\t\t<div class=\"elementor-widget-container\">\n\t\t\t\t\t\n        <div class=\"prelements-heading default animate-\">\n        \t<div class=\"title-inner\"> \n\t        \t       \t\t      \t\t\n\t            <h2 class=\"title\"><span class=\"watermark\"><\/span>Appointment <span>Form<\/span> <\/h2>\t\t\t\t\n\t\t\t\t\t        <\/div>\n\t                <\/div>\n        \t\t\t\t<\/div>\n\t\t\t\t<\/div>\n\t\t\t\t<div class=\"elementor-element elementor-element-c150782 elementor-widget elementor-widget-shortcode\" data-id=\"c150782\" data-element_type=\"widget\" data-e-type=\"widget\" data-widget_type=\"shortcode.default\">\n\t\t\t\t<div class=\"elementor-widget-container\">\n\t\t\t\t\t\t\t<div class=\"elementor-shortcode\">\n<div class=\"wpcf7 no-js\" id=\"wpcf7-f23099-o1\" lang=\"en-US\" dir=\"ltr\" data-wpcf7-id=\"23099\">\n<div class=\"screen-reader-response\"><p role=\"status\" aria-live=\"polite\" aria-atomic=\"true\"><\/p> <ul><\/ul><\/div>\n<form action=\"\/pl\/wp-json\/wp\/v2\/pages\/29272#wpcf7-f23099-o1\" method=\"post\" class=\"wpcf7-form init\" aria-label=\"Contact form\" novalidate=\"novalidate\" data-status=\"init\" data-trp-original-action=\"\/pl\/wp-json\/wp\/v2\/pages\/29272#wpcf7-f23099-o1\">\n<fieldset class=\"hidden-fields-container\"><input type=\"hidden\" name=\"_wpcf7\" value=\"23099\" \/><input type=\"hidden\" name=\"_wpcf7_version\" value=\"6.1.4\" \/><input type=\"hidden\" name=\"_wpcf7_locale\" value=\"en_US\" \/><input type=\"hidden\" name=\"_wpcf7_unit_tag\" value=\"wpcf7-f23099-o1\" \/><input type=\"hidden\" name=\"_wpcf7_container_post\" value=\"0\" \/><input type=\"hidden\" name=\"_wpcf7_posted_data_hash\" value=\"\" \/>\n<\/fieldset>\n<div class=\"row\">\n<div class=\"col-sm-6\"><span class=\"wpcf7-form-control-wrap\" data-name=\"your-name\"><input size=\"40\" maxlength=\"400\" class=\"wpcf7-form-control wpcf7-text wpcf7-validates-as-required\" aria-required=\"true\" aria-invalid=\"false\" placeholder=\"Imi\u0119\" value=\"\" type=\"text\" name=\"your-name\" \/><\/span><\/div> \n<div class=\"col-sm-6\"><span class=\"wpcf7-form-control-wrap\" data-name=\"your-email\"><input size=\"40\" maxlength=\"400\" class=\"wpcf7-form-control wpcf7-email wpcf7-validates-as-required wpcf7-text wpcf7-validates-as-email\" aria-required=\"true\" aria-invalid=\"false\" placeholder=\"E-Mail\" value=\"\" type=\"email\" name=\"your-email\" \/><\/span><\/div>\n<div class=\"col-sm-6\"><span class=\"wpcf7-form-control-wrap\" data-name=\"your-phone\"><input size=\"40\" maxlength=\"400\" class=\"wpcf7-form-control wpcf7-text wpcf7-validates-as-required\" aria-required=\"true\" aria-invalid=\"false\" placeholder=\"Phone\" value=\"\" type=\"text\" name=\"your-phone\" \/><\/span><\/div>\n<div class=\"col-sm-6\"><span class=\"wpcf7-form-control-wrap\" data-name=\"your-Company\"><input size=\"40\" maxlength=\"400\" class=\"wpcf7-form-control wpcf7-text\" aria-invalid=\"false\" placeholder=\"Company\" value=\"\" type=\"text\" name=\"your-Company\" \/><\/span><\/div>\n<div class=\"col-sm-6\"><span class=\"wpcf7-form-control-wrap\" data-name=\"consultation\"><select class=\"wpcf7-form-control wpcf7-select wpcf7-validates-as-required\" aria-required=\"true\" aria-invalid=\"false\" name=\"consultation\"><option value=\"Choose Consultation\">Choose Consultation<\/option><option value=\"Financial Advice\">Financial Advice<\/option><option value=\"Legal Advice\">Legal Advice<\/option><option value=\"Real Estate Consultancy\">Real Estate Consultancy<\/option><option value=\"Real Estate Consultancy Investment\">Real Estate Consultancy Investment<\/option><\/select><\/span><\/div>\n<div class=\"col-sm-6\"><span class=\"wpcf7-form-control-wrap\" data-name=\"dates\"><input class=\"wpcf7-form-control wpcf7-date wpcf7-validates-as-required wpcf7-validates-as-date\" aria-required=\"true\" aria-invalid=\"false\" value=\"\" type=\"date\" name=\"dates\" \/><\/span><\/div>\n<div class=\"col-sm-12\"><span class=\"wpcf7-form-control-wrap\" data-name=\"your-message\"><textarea cols=\"40\" rows=\"10\" maxlength=\"2000\" class=\"wpcf7-form-control wpcf7-textarea\" aria-invalid=\"false\" placeholder=\"Please provide summary of your required consultation.\" name=\"your-message\"><\/textarea><\/span><\/div>\n<div class=\"form-button col-sm-12\">\n  <p class=\"submit-btn\"><input class=\"wpcf7-form-control wpcf7-submit has-spinner\" type=\"submit\" value=\"Prze\u015blij teraz\" \/><\/p>\n<\/div>\n<\/div><div class=\"wpcf7-response-output\" aria-hidden=\"true\"><\/div>\n<input type=\"hidden\" name=\"trp-form-language\" value=\"pl\"\/><\/form>\n<\/div>\n<\/div>\n\t\t\t\t\t\t<\/div>\n\t\t\t\t<\/div>\n\t\t\t\t\t<\/div>\n\t\t<\/div>\n\t\t\t\t\t<\/div>\n\t\t<\/section>\n\t\t\t\t\t<\/div>\n\t\t<\/div>\n\t\t\t\t\t<\/div>\n\t\t<\/section>\n\t\t\t\t<\/div>","protected":false},"excerpt":{"rendered":"<p>your business is our success E-Lawyer Get immediate answers to your legal inquiry\/concern through a video conference call consultation meeting with one of our qualified lawyers. We intend to provide you with all the information and tools you need to make an informed decision regarding your legal inquiry. If you are facing a legal dispute\/conflict&#8230;<\/p>","protected":false},"author":1,"featured_media":0,"parent":0,"menu_order":0,"comment_status":"closed","ping_status":"closed","template":"","meta":{"footnotes":""},"class_list":["post-29272","page","type-page","status-publish","hentry"],"yoast_head":"<!-- This site is optimized with the Yoast SEO plugin v26.9 - https:\/\/yoast.com\/product\/yoast-seo-wordpress\/ -->\n<title>E-Lawyer in Dubai | Platform A<\/title>\n<meta name=\"description\" content=\"E-Lawyer provides comprehensive assistance through secure online consultations, document drafting, and legal representation.\" \/>\n<meta name=\"robots\" content=\"index, follow, max-snippet:-1, max-image-preview:large, max-video-preview:-1\" \/>\n<link rel=\"canonical\" href=\"https:\/\/platform-a.co\/pl\/e-lawyer\/\" \/>\n<meta property=\"og:locale\" content=\"pl_PL\" \/>\n<meta property=\"og:type\" content=\"article\" \/>\n<meta property=\"og:title\" content=\"E-Lawyer in Dubai | Platform A\" \/>\n<meta property=\"og:description\" content=\"E-Lawyer provides comprehensive assistance through secure online consultations, document drafting, and legal representation.\" \/>\n<meta property=\"og:url\" content=\"https:\/\/platform-a.co\/pl\/e-lawyer\/\" \/>\n<meta property=\"og:site_name\" content=\"Platform A\" \/>\n<meta property=\"article:modified_time\" content=\"2025-09-02T07:38:19+00:00\" \/>\n<meta name=\"twitter:card\" content=\"summary_large_image\" \/>\n<meta name=\"twitter:label1\" content=\"Szacowany czas czytania\" \/>\n\t<meta name=\"twitter:data1\" content=\"1 minuta\" \/>\n<script type=\"application\/ld+json\" class=\"yoast-schema-graph\">{\"@context\":\"https:\/\/schema.org\",\"@graph\":[{\"@type\":\"WebPage\",\"@id\":\"https:\/\/platform-a.co\/e-lawyer\/\",\"url\":\"https:\/\/platform-a.co\/e-lawyer\/\",\"name\":\"E-Lawyer in Dubai | Platform A\",\"isPartOf\":{\"@id\":\"https:\/\/platform-a.co\/#website\"},\"datePublished\":\"2023-12-08T11:09:21+00:00\",\"dateModified\":\"2025-09-02T07:38:19+00:00\",\"description\":\"E-Lawyer provides comprehensive assistance through secure online consultations, document drafting, and legal representation.\",\"breadcrumb\":{\"@id\":\"https:\/\/platform-a.co\/e-lawyer\/#breadcrumb\"},\"inLanguage\":\"pl-PL\",\"potentialAction\":[{\"@type\":\"ReadAction\",\"target\":[\"https:\/\/platform-a.co\/e-lawyer\/\"]}]},{\"@type\":\"BreadcrumbList\",\"@id\":\"https:\/\/platform-a.co\/e-lawyer\/#breadcrumb\",\"itemListElement\":[{\"@type\":\"ListItem\",\"position\":1,\"name\":\"Home\",\"item\":\"https:\/\/platform-a.co\/\"},{\"@type\":\"ListItem\",\"position\":2,\"name\":\"E-Lawyer\"}]},{\"@type\":\"WebSite\",\"@id\":\"https:\/\/platform-a.co\/#website\",\"url\":\"https:\/\/platform-a.co\/\",\"name\":\"Platform A\",\"description\":\"Your Business is Our Success\",\"publisher\":{\"@id\":\"https:\/\/platform-a.co\/#organization\"},\"potentialAction\":[{\"@type\":\"SearchAction\",\"target\":{\"@type\":\"EntryPoint\",\"urlTemplate\":\"https:\/\/platform-a.co\/?s={search_term_string}\"},\"query-input\":{\"@type\":\"PropertyValueSpecification\",\"valueRequired\":true,\"valueName\":\"search_term_string\"}}],\"inLanguage\":\"pl-PL\"},{\"@type\":\"Organization\",\"@id\":\"https:\/\/platform-a.co\/#organization\",\"name\":\"Platform A\",\"url\":\"https:\/\/platform-a.co\/\",\"logo\":{\"@type\":\"ImageObject\",\"inLanguage\":\"pl-PL\",\"@id\":\"https:\/\/platform-a.co\/#\/schema\/logo\/image\/\",\"url\":\"https:\/\/platform-a.co\/wp-content\/uploads\/2025\/02\/PA-LOGO.png\",\"contentUrl\":\"https:\/\/platform-a.co\/wp-content\/uploads\/2025\/02\/PA-LOGO.png\",\"width\":450,\"height\":450,\"caption\":\"Platform A\"},\"image\":{\"@id\":\"https:\/\/platform-a.co\/#\/schema\/logo\/image\/\"}}]}<\/script>\n<!-- \/ Yoast SEO plugin. -->","yoast_head_json":{"title":"E-Lawyer in Dubai | Platform A","description":"E-Lawyer provides comprehensive assistance through secure online consultations, document drafting, and legal representation.","robots":{"index":"index","follow":"follow","max-snippet":"max-snippet:-1","max-image-preview":"max-image-preview:large","max-video-preview":"max-video-preview:-1"},"canonical":"https:\/\/platform-a.co\/pl\/e-lawyer\/","og_locale":"pl_PL","og_type":"article","og_title":"E-Lawyer in Dubai | Platform A","og_description":"E-Lawyer provides comprehensive assistance through secure online consultations, document drafting, and legal representation.","og_url":"https:\/\/platform-a.co\/pl\/e-lawyer\/","og_site_name":"Platform A","article_modified_time":"2025-09-02T07:38:19+00:00","twitter_card":"summary_large_image","twitter_misc":{"Szacowany czas czytania":"1 minuta"},"schema":{"@context":"https:\/\/schema.org","@graph":[{"@type":"WebPage","@id":"https:\/\/platform-a.co\/e-lawyer\/","url":"https:\/\/platform-a.co\/e-lawyer\/","name":"E-Lawyer in Dubai | Platform A","isPartOf":{"@id":"https:\/\/platform-a.co\/#website"},"datePublished":"2023-12-08T11:09:21+00:00","dateModified":"2025-09-02T07:38:19+00:00","description":"E-Lawyer provides comprehensive assistance through secure online consultations, document drafting, and legal representation.","breadcrumb":{"@id":"https:\/\/platform-a.co\/e-lawyer\/#breadcrumb"},"inLanguage":"pl-PL","potentialAction":[{"@type":"ReadAction","target":["https:\/\/platform-a.co\/e-lawyer\/"]}]},{"@type":"BreadcrumbList","@id":"https:\/\/platform-a.co\/e-lawyer\/#breadcrumb","itemListElement":[{"@type":"ListItem","position":1,"name":"Home","item":"https:\/\/platform-a.co\/"},{"@type":"ListItem","position":2,"name":"E-Lawyer"}]},{"@type":"WebSite","@id":"https:\/\/platform-a.co\/#website","url":"https:\/\/platform-a.co\/","name":"Platform A","description":"Your Business is Our Success","publisher":{"@id":"https:\/\/platform-a.co\/#organization"},"potentialAction":[{"@type":"SearchAction","target":{"@type":"EntryPoint","urlTemplate":"https:\/\/platform-a.co\/?s={search_term_string}"},"query-input":{"@type":"PropertyValueSpecification","valueRequired":true,"valueName":"search_term_string"}}],"inLanguage":"pl-PL"},{"@type":"Organization","@id":"https:\/\/platform-a.co\/#organization","name":"Platform A","url":"https:\/\/platform-a.co\/","logo":{"@type":"ImageObject","inLanguage":"pl-PL","@id":"https:\/\/platform-a.co\/#\/schema\/logo\/image\/","url":"https:\/\/platform-a.co\/wp-content\/uploads\/2025\/02\/PA-LOGO.png","contentUrl":"https:\/\/platform-a.co\/wp-content\/uploads\/2025\/02\/PA-LOGO.png","width":450,"height":450,"caption":"Platform A"},"image":{"@id":"https:\/\/platform-a.co\/#\/schema\/logo\/image\/"}}]}},"_links":{"self":[{"href":"https:\/\/platform-a.co\/pl\/wp-json\/wp\/v2\/pages\/29272","targetHints":{"allow":["GET"]}}],"collection":[{"href":"https:\/\/platform-a.co\/pl\/wp-json\/wp\/v2\/pages"}],"about":[{"href":"https:\/\/platform-a.co\/pl\/wp-json\/wp\/v2\/types\/page"}],"author":[{"embeddable":true,"href":"https:\/\/platform-a.co\/pl\/wp-json\/wp\/v2\/users\/1"}],"replies":[{"embeddable":true,"href":"https:\/\/platform-a.co\/pl\/wp-json\/wp\/v2\/comments?post=29272"}],"version-history":[{"count":7,"href":"https:\/\/platform-a.co\/pl\/wp-json\/wp\/v2\/pages\/29272\/revisions"}],"predecessor-version":[{"id":30134,"href":"https:\/\/platform-a.co\/pl\/wp-json\/wp\/v2\/pages\/29272\/revisions\/30134"}],"wp:attachment":[{"href":"https:\/\/platform-a.co\/pl\/wp-json\/wp\/v2\/media?parent=29272"}],"curies":[{"name":"wp","href":"https:\/\/api.w.org\/{rel}","templated":true}]}}