{"id":29694,"date":"2025-07-30T17:59:14","date_gmt":"2025-07-30T13:59:14","guid":{"rendered":"https:\/\/platform-a.co\/?page_id=29694"},"modified":"2025-07-30T18:27:08","modified_gmt":"2025-07-30T14:27:08","slug":"about-us","status":"publish","type":"page","link":"https:\/\/platform-a.co\/pl\/about-us\/","title":{"rendered":"O nas"},"content":{"rendered":"<div data-elementor-type=\"wp-page\" data-elementor-id=\"29694\" class=\"elementor elementor-29694\" data-elementor-post-type=\"page\">\n\t\t\t\t\t\t<section class=\"elementor-section elementor-top-section elementor-element elementor-element-84bf686 elementor-section-full_width elementor-section-stretched elementor-section-height-default elementor-section-height-default\" data-id=\"84bf686\" data-element_type=\"section\" data-e-type=\"section\" data-settings=\"{&quot;stretch_section&quot;:&quot;section-stretched&quot;,&quot;background_background&quot;:&quot;classic&quot;}\">\n\t\t\t\t\t\t<div class=\"elementor-container elementor-column-gap-default\">\n\t\t\t\t\t<div class=\"elementor-column elementor-col-100 elementor-top-column elementor-element elementor-element-7f44059\" data-id=\"7f44059\" data-element_type=\"column\" data-e-type=\"column\" data-settings=\"{&quot;background_background&quot;:&quot;classic&quot;}\">\n\t\t\t<div class=\"elementor-widget-wrap elementor-element-populated\">\n\t\t\t\t\t\t<section class=\"elementor-section elementor-inner-section elementor-element elementor-element-3a70358 elementor-section-boxed elementor-section-height-default elementor-section-height-default\" data-id=\"3a70358\" data-element_type=\"section\" data-e-type=\"section\">\n\t\t\t\t\t\t<div class=\"elementor-container elementor-column-gap-default\">\n\t\t\t\t\t<div class=\"elementor-column elementor-col-100 elementor-inner-column elementor-element elementor-element-629fa24\" data-id=\"629fa24\" data-element_type=\"column\" data-e-type=\"column\">\n\t\t\t<div class=\"elementor-widget-wrap elementor-element-populated\">\n\t\t\t\t\t\t<div class=\"elementor-element elementor-element-66f0b27 elementor-widget elementor-widget-rs-heading\" data-id=\"66f0b27\" data-element_type=\"widget\" data-e-type=\"widget\" data-widget_type=\"rs-heading.default\">\n\t\t\t\t<div class=\"elementor-widget-container\">\n\t\t\t\t\t\n        <div class=\"prelements-heading default animate-default\">\n        \t<div class=\"title-inner\"> \n\t        \t       \t\t      \t\t\n\t            <h2 class=\"title\"><span class=\"watermark\"><\/span><span style=\"color: #F5C10C\">About  <\/span>Us <span style=\"color: #F5C10C\"> <\/span><\/h2>\t\t\t\t\n\t\t\t\t\t        <\/div>\n\t                <\/div>\n        \t\t\t\t<\/div>\n\t\t\t\t<\/div>\n\t\t\t\t\t<\/div>\n\t\t<\/div>\n\t\t\t\t\t<\/div>\n\t\t<\/section>\n\t\t\t\t\t<\/div>\n\t\t<\/div>\n\t\t\t\t\t<\/div>\n\t\t<\/section>\n\t\t\t\t<section class=\"elementor-section elementor-top-section elementor-element elementor-element-40adc84 elementor-section-stretched elementor-section-full_width elementor-section-height-default elementor-section-height-default\" data-id=\"40adc84\" data-element_type=\"section\" data-e-type=\"section\" data-settings=\"{&quot;stretch_section&quot;:&quot;section-stretched&quot;,&quot;background_background&quot;:&quot;classic&quot;}\">\n\t\t\t\t\t\t\t<div class=\"elementor-background-overlay\"><\/div>\n\t\t\t\t\t\t\t<div class=\"elementor-container elementor-column-gap-default\">\n\t\t\t\t\t<div class=\"elementor-column elementor-col-100 elementor-top-column elementor-element elementor-element-8c79eb4\" data-id=\"8c79eb4\" data-element_type=\"column\" data-e-type=\"column\">\n\t\t\t<div class=\"elementor-widget-wrap elementor-element-populated\">\n\t\t\t\t\t\t<section class=\"elementor-section elementor-inner-section elementor-element elementor-element-a4bee58 elementor-section-boxed elementor-section-height-default elementor-section-height-default\" data-id=\"a4bee58\" data-element_type=\"section\" data-e-type=\"section\">\n\t\t\t\t\t\t<div class=\"elementor-container elementor-column-gap-default\">\n\t\t\t\t\t<div class=\"elementor-column elementor-col-50 elementor-inner-column elementor-element elementor-element-26efe74\" data-id=\"26efe74\" data-element_type=\"column\" data-e-type=\"column\">\n\t\t\t<div class=\"elementor-widget-wrap elementor-element-populated\">\n\t\t\t\t\t\t<div class=\"elementor-element elementor-element-2fa74d5 elementor-widget elementor-widget-rs-heading\" data-id=\"2fa74d5\" data-element_type=\"widget\" data-e-type=\"widget\" data-widget_type=\"rs-heading.default\">\n\t\t\t\t<div class=\"elementor-widget-container\">\n\t\t\t\t\t\n        <div class=\"prelements-heading default animate- left\">\n        \t<div class=\"title-inner\"> \n\t        \t       \t\t      \t\t\n\t            \t\t\t\t\n\t\t\t\t\t        <\/div>\n\t                    \t<div class=\"description\">\n            \t\t            \t\t<div class=\"title-inner\"><h2 class=\"title\">Wspieranie rozwoju poprzez kompleksowe doradztwo prawne, biznesowe i nieruchomo\u015bciowe<\/h2><\/div><div class=\"description\"><p>Na Platformie A oferujemy unikaln\u0105 synergi\u0119\u00a0<b>konsultacje prawne, us\u0142ugi zakupu i zakupu dzia\u0142alno\u015bci, oraz ekspertyza nieruchomo\u015bci,<\/b>Zapewniamy kompleksowe rozwi\u0105zania wspieraj\u0105ce rozw\u00f3j Twojego biznesu. Nasi do\u015bwiadczeni profesjonali\u015bci prowadz\u0105 Ci\u0119 przez zawi\u0142o\u015bci prawne, zak\u0142adanie firm oraz przedsi\u0119wzi\u0119cia nieruchomo\u015bciowe z uczciwo\u015bci\u0105 i innowacyjno\u015bci\u0105.<\/p><\/div>  \n            \t<\/div>\n        \t        <\/div>\n        \t\t\t\t<\/div>\n\t\t\t\t<\/div>\n\t\t\t\t<div class=\"elementor-element elementor-element-ef46705 elementor-icon-list--layout-traditional elementor-list-item-link-full_width elementor-widget elementor-widget-icon-list\" data-id=\"ef46705\" data-element_type=\"widget\" data-e-type=\"widget\" data-widget_type=\"icon-list.default\">\n\t\t\t\t<div class=\"elementor-widget-container\">\n\t\t\t\t\t\t\t<ul class=\"elementor-icon-list-items\">\n\t\t\t\t\t\t\t<li class=\"elementor-icon-list-item\">\n\t\t\t\t\t\t\t\t\t\t\t<span class=\"elementor-icon-list-icon\">\n\t\t\t\t\t\t\t<i aria-hidden=\"true\" class=\"fas fa-angle-right\"><\/i>\t\t\t\t\t\t<\/span>\n\t\t\t\t\t\t\t\t\t\t<span class=\"elementor-icon-list-text\">Kompleksowe rozwi\u0105zania<\/span>\n\t\t\t\t\t\t\t\t\t<\/li>\n\t\t\t\t\t\t\t\t<li class=\"elementor-icon-list-item\">\n\t\t\t\t\t\t\t\t\t\t\t<span class=\"elementor-icon-list-icon\">\n\t\t\t\t\t\t\t<i aria-hidden=\"true\" class=\"fas fa-angle-right\"><\/i>\t\t\t\t\t\t<\/span>\n\t\t\t\t\t\t\t\t\t\t<span class=\"elementor-icon-list-text\">Do\u015bwiadczeni profesjonali\u015bci<\/span>\n\t\t\t\t\t\t\t\t\t<\/li>\n\t\t\t\t\t\t\t\t<li class=\"elementor-icon-list-item\">\n\t\t\t\t\t\t\t\t\t\t\t<span class=\"elementor-icon-list-icon\">\n\t\t\t\t\t\t\t<i aria-hidden=\"true\" class=\"fas fa-angle-right\"><\/i>\t\t\t\t\t\t<\/span>\n\t\t\t\t\t\t\t\t\t\t<span class=\"elementor-icon-list-text\">Client Centric Approach<\/span>\n\t\t\t\t\t\t\t\t\t<\/li>\n\t\t\t\t\t\t\t\t<li class=\"elementor-icon-list-item\">\n\t\t\t\t\t\t\t\t\t\t\t<span class=\"elementor-icon-list-icon\">\n\t\t\t\t\t\t\t<i aria-hidden=\"true\" class=\"fas fa-angle-right\"><\/i>\t\t\t\t\t\t<\/span>\n\t\t\t\t\t\t\t\t\t\t<span class=\"elementor-icon-list-text\">Praktyki etyczne <\/span>\n\t\t\t\t\t\t\t\t\t<\/li>\n\t\t\t\t\t\t\t\t<li class=\"elementor-icon-list-item\">\n\t\t\t\t\t\t\t\t\t\t\t<span class=\"elementor-icon-list-icon\">\n\t\t\t\t\t\t\t<i aria-hidden=\"true\" class=\"fas fa-angle-right\"><\/i>\t\t\t\t\t\t<\/span>\n\t\t\t\t\t\t\t\t\t\t<span class=\"elementor-icon-list-text\">Innowacja<\/span>\n\t\t\t\t\t\t\t\t\t<\/li>\n\t\t\t\t\t\t<\/ul>\n\t\t\t\t\t\t<\/div>\n\t\t\t\t<\/div>\n\t\t\t\t\t<\/div>\n\t\t<\/div>\n\t\t\t\t<div class=\"elementor-column elementor-col-50 elementor-inner-column elementor-element elementor-element-cd2e0a9\" data-id=\"cd2e0a9\" data-element_type=\"column\" data-e-type=\"column\">\n\t\t\t<div class=\"elementor-widget-wrap elementor-element-populated\">\n\t\t\t\t\t\t<div class=\"elementor-element elementor-element-db2335b elementor-widget elementor-widget-rs-heading\" data-id=\"db2335b\" data-element_type=\"widget\" data-e-type=\"widget\" data-widget_type=\"rs-heading.default\">\n\t\t\t\t<div class=\"elementor-widget-container\">\n\t\t\t\t\t\n        <div class=\"prelements-heading default animate-\">\n        \t<div class=\"title-inner\"> \n\t        \t       \t\t      \t\t\n\t            <h2 class=\"title\"><span class=\"watermark\"><\/span> <span> <\/span> <\/h2>\t\t\t\t\n\t\t\t\t\t        <\/div>\n\t                <\/div>\n        \t\t\t\t<\/div>\n\t\t\t\t<\/div>\n\t\t\t\t<div class=\"elementor-element elementor-element-e00545c elementor-widget elementor-widget-image\" data-id=\"e00545c\" data-element_type=\"widget\" data-e-type=\"widget\" data-widget_type=\"image.default\">\n\t\t\t\t<div class=\"elementor-widget-container\">\n\t\t\t\t\t\t\t\t\t\t\t\t\t\t\t<img fetchpriority=\"high\" decoding=\"async\" width=\"640\" height=\"600\" src=\"https:\/\/platform-a.co\/wp-content\/uploads\/2023\/11\/about-home33.jpg\" class=\"attachment-large size-large wp-image-27976\" alt=\"\" srcset=\"https:\/\/platform-a.co\/wp-content\/uploads\/2023\/11\/about-home33.jpg 800w, https:\/\/platform-a.co\/wp-content\/uploads\/2023\/11\/about-home33-300x281.jpg 300w, https:\/\/platform-a.co\/wp-content\/uploads\/2023\/11\/about-home33-768x720.jpg 768w, https:\/\/platform-a.co\/wp-content\/uploads\/2023\/11\/about-home33-600x563.jpg 600w\" sizes=\"(max-width: 640px) 100vw, 640px\" \/>\t\t\t\t\t\t\t\t\t\t\t\t\t\t\t<\/div>\n\t\t\t\t<\/div>\n\t\t\t\t<div class=\"elementor-element elementor-element-15706d7 elementor-icon-list--layout-traditional elementor-list-item-link-full_width elementor-widget elementor-widget-icon-list\" data-id=\"15706d7\" data-element_type=\"widget\" data-e-type=\"widget\" data-widget_type=\"icon-list.default\">\n\t\t\t\t<div class=\"elementor-widget-container\">\n\t\t\t\t\t\t\t<ul class=\"elementor-icon-list-items\">\n\t\t\t\t\t\t\t<li class=\"elementor-icon-list-item\">\n\t\t\t\t\t\t\t\t\t\t\t<a href=\"https:\/\/platform-a.co\/pl\/financial-assistant\/%20\/\">\n\n\t\t\t\t\t\t\t\t\t\t\t<span class=\"elementor-icon-list-text\"><\/span>\n\t\t\t\t\t\t\t\t\t\t\t<\/a>\n\t\t\t\t\t\t\t\t\t<\/li>\n\t\t\t\t\t\t<\/ul>\n\t\t\t\t\t\t<\/div>\n\t\t\t\t<\/div>\n\t\t\t\t\t<\/div>\n\t\t<\/div>\n\t\t\t\t\t<\/div>\n\t\t<\/section>\n\t\t\t\t\t<\/div>\n\t\t<\/div>\n\t\t\t\t\t<\/div>\n\t\t<\/section>\n\t\t\t\t<\/div>","protected":false},"excerpt":{"rendered":"<p>About Us Empowering growth through Legal, Business, and Real Estate consultancies At Platform A, we offer a unique synergy of\u00a0legal consultancies, business setup services, and real estate expertise, providing comprehensive solutions to empower your business growth. Our experienced professionals guide you through legal complexities, business establishment, and real estate endeavors with integrity and innovation. Comprehensive&#8230;<\/p>","protected":false},"author":1,"featured_media":0,"parent":0,"menu_order":0,"comment_status":"closed","ping_status":"closed","template":"","meta":{"footnotes":""},"class_list":["post-29694","page","type-page","status-publish","hentry"],"yoast_head":"<!-- This site is optimized with the Yoast SEO plugin v26.9 - https:\/\/yoast.com\/product\/yoast-seo-wordpress\/ -->\n<title>About Us - Platform A<\/title>\n<meta name=\"robots\" content=\"index, follow, max-snippet:-1, max-image-preview:large, max-video-preview:-1\" \/>\n<link rel=\"canonical\" href=\"https:\/\/platform-a.co\/pl\/about-us\/\" \/>\n<meta property=\"og:locale\" content=\"pl_PL\" \/>\n<meta property=\"og:type\" content=\"article\" \/>\n<meta property=\"og:title\" content=\"About Us - Platform A\" \/>\n<meta property=\"og:description\" content=\"About Us Empowering growth through Legal, Business, and Real Estate consultancies At Platform A, we offer a unique synergy of\u00a0legal consultancies, business setup services, and real estate expertise, providing comprehensive solutions to empower your business growth. Our experienced professionals guide you through legal complexities, business establishment, and real estate endeavors with integrity and innovation. Comprehensive...\" \/>\n<meta property=\"og:url\" content=\"https:\/\/platform-a.co\/pl\/about-us\/\" \/>\n<meta property=\"og:site_name\" content=\"Platform A\" \/>\n<meta property=\"article:modified_time\" content=\"2025-07-30T14:27:08+00:00\" \/>\n<meta property=\"og:image\" content=\"https:\/\/platform-a.co\/wp-content\/uploads\/2023\/11\/about-home33.jpg\" \/>\n\t<meta property=\"og:image:width\" content=\"800\" \/>\n\t<meta property=\"og:image:height\" content=\"750\" \/>\n\t<meta property=\"og:image:type\" content=\"image\/jpeg\" \/>\n<meta name=\"twitter:card\" content=\"summary_large_image\" \/>\n<script type=\"application\/ld+json\" class=\"yoast-schema-graph\">{\"@context\":\"https:\/\/schema.org\",\"@graph\":[{\"@type\":\"WebPage\",\"@id\":\"https:\/\/platform-a.co\/about-us\/\",\"url\":\"https:\/\/platform-a.co\/about-us\/\",\"name\":\"About Us - Platform A\",\"isPartOf\":{\"@id\":\"https:\/\/platform-a.co\/#website\"},\"primaryImageOfPage\":{\"@id\":\"https:\/\/platform-a.co\/about-us\/#primaryimage\"},\"image\":{\"@id\":\"https:\/\/platform-a.co\/about-us\/#primaryimage\"},\"thumbnailUrl\":\"https:\/\/platform-a.co\/wp-content\/uploads\/2023\/11\/about-home33.jpg\",\"datePublished\":\"2025-07-30T13:59:14+00:00\",\"dateModified\":\"2025-07-30T14:27:08+00:00\",\"breadcrumb\":{\"@id\":\"https:\/\/platform-a.co\/about-us\/#breadcrumb\"},\"inLanguage\":\"pl-PL\",\"potentialAction\":[{\"@type\":\"ReadAction\",\"target\":[\"https:\/\/platform-a.co\/about-us\/\"]}]},{\"@type\":\"ImageObject\",\"inLanguage\":\"pl-PL\",\"@id\":\"https:\/\/platform-a.co\/about-us\/#primaryimage\",\"url\":\"https:\/\/platform-a.co\/wp-content\/uploads\/2023\/11\/about-home33.jpg\",\"contentUrl\":\"https:\/\/platform-a.co\/wp-content\/uploads\/2023\/11\/about-home33.jpg\"},{\"@type\":\"BreadcrumbList\",\"@id\":\"https:\/\/platform-a.co\/about-us\/#breadcrumb\",\"itemListElement\":[{\"@type\":\"ListItem\",\"position\":1,\"name\":\"Home\",\"item\":\"https:\/\/platform-a.co\/\"},{\"@type\":\"ListItem\",\"position\":2,\"name\":\"About Us\"}]},{\"@type\":\"WebSite\",\"@id\":\"https:\/\/platform-a.co\/#website\",\"url\":\"https:\/\/platform-a.co\/\",\"name\":\"Platform A\",\"description\":\"Your Business is Our Success\",\"publisher\":{\"@id\":\"https:\/\/platform-a.co\/#organization\"},\"potentialAction\":[{\"@type\":\"SearchAction\",\"target\":{\"@type\":\"EntryPoint\",\"urlTemplate\":\"https:\/\/platform-a.co\/?s={search_term_string}\"},\"query-input\":{\"@type\":\"PropertyValueSpecification\",\"valueRequired\":true,\"valueName\":\"search_term_string\"}}],\"inLanguage\":\"pl-PL\"},{\"@type\":\"Organization\",\"@id\":\"https:\/\/platform-a.co\/#organization\",\"name\":\"Platform A\",\"url\":\"https:\/\/platform-a.co\/\",\"logo\":{\"@type\":\"ImageObject\",\"inLanguage\":\"pl-PL\",\"@id\":\"https:\/\/platform-a.co\/#\/schema\/logo\/image\/\",\"url\":\"https:\/\/platform-a.co\/wp-content\/uploads\/2025\/02\/PA-LOGO.png\",\"contentUrl\":\"https:\/\/platform-a.co\/wp-content\/uploads\/2025\/02\/PA-LOGO.png\",\"width\":450,\"height\":450,\"caption\":\"Platform A\"},\"image\":{\"@id\":\"https:\/\/platform-a.co\/#\/schema\/logo\/image\/\"}}]}<\/script>\n<!-- \/ Yoast SEO plugin. -->","yoast_head_json":{"title":"About Us - Platform A","robots":{"index":"index","follow":"follow","max-snippet":"max-snippet:-1","max-image-preview":"max-image-preview:large","max-video-preview":"max-video-preview:-1"},"canonical":"https:\/\/platform-a.co\/pl\/about-us\/","og_locale":"pl_PL","og_type":"article","og_title":"About Us - Platform A","og_description":"About Us Empowering growth through Legal, Business, and Real Estate consultancies At Platform A, we offer a unique synergy of\u00a0legal consultancies, business setup services, and real estate expertise, providing comprehensive solutions to empower your business growth. Our experienced professionals guide you through legal complexities, business establishment, and real estate endeavors with integrity and innovation. Comprehensive...","og_url":"https:\/\/platform-a.co\/pl\/about-us\/","og_site_name":"Platform A","article_modified_time":"2025-07-30T14:27:08+00:00","og_image":[{"width":800,"height":750,"url":"https:\/\/platform-a.co\/wp-content\/uploads\/2023\/11\/about-home33.jpg","type":"image\/jpeg"}],"twitter_card":"summary_large_image","schema":{"@context":"https:\/\/schema.org","@graph":[{"@type":"WebPage","@id":"https:\/\/platform-a.co\/about-us\/","url":"https:\/\/platform-a.co\/about-us\/","name":"About Us - Platform A","isPartOf":{"@id":"https:\/\/platform-a.co\/#website"},"primaryImageOfPage":{"@id":"https:\/\/platform-a.co\/about-us\/#primaryimage"},"image":{"@id":"https:\/\/platform-a.co\/about-us\/#primaryimage"},"thumbnailUrl":"https:\/\/platform-a.co\/wp-content\/uploads\/2023\/11\/about-home33.jpg","datePublished":"2025-07-30T13:59:14+00:00","dateModified":"2025-07-30T14:27:08+00:00","breadcrumb":{"@id":"https:\/\/platform-a.co\/about-us\/#breadcrumb"},"inLanguage":"pl-PL","potentialAction":[{"@type":"ReadAction","target":["https:\/\/platform-a.co\/about-us\/"]}]},{"@type":"ImageObject","inLanguage":"pl-PL","@id":"https:\/\/platform-a.co\/about-us\/#primaryimage","url":"https:\/\/platform-a.co\/wp-content\/uploads\/2023\/11\/about-home33.jpg","contentUrl":"https:\/\/platform-a.co\/wp-content\/uploads\/2023\/11\/about-home33.jpg"},{"@type":"BreadcrumbList","@id":"https:\/\/platform-a.co\/about-us\/#breadcrumb","itemListElement":[{"@type":"ListItem","position":1,"name":"Home","item":"https:\/\/platform-a.co\/"},{"@type":"ListItem","position":2,"name":"About Us"}]},{"@type":"WebSite","@id":"https:\/\/platform-a.co\/#website","url":"https:\/\/platform-a.co\/","name":"Platform A","description":"Your Business is Our Success","publisher":{"@id":"https:\/\/platform-a.co\/#organization"},"potentialAction":[{"@type":"SearchAction","target":{"@type":"EntryPoint","urlTemplate":"https:\/\/platform-a.co\/?s={search_term_string}"},"query-input":{"@type":"PropertyValueSpecification","valueRequired":true,"valueName":"search_term_string"}}],"inLanguage":"pl-PL"},{"@type":"Organization","@id":"https:\/\/platform-a.co\/#organization","name":"Platform A","url":"https:\/\/platform-a.co\/","logo":{"@type":"ImageObject","inLanguage":"pl-PL","@id":"https:\/\/platform-a.co\/#\/schema\/logo\/image\/","url":"https:\/\/platform-a.co\/wp-content\/uploads\/2025\/02\/PA-LOGO.png","contentUrl":"https:\/\/platform-a.co\/wp-content\/uploads\/2025\/02\/PA-LOGO.png","width":450,"height":450,"caption":"Platform A"},"image":{"@id":"https:\/\/platform-a.co\/#\/schema\/logo\/image\/"}}]}},"_links":{"self":[{"href":"https:\/\/platform-a.co\/pl\/wp-json\/wp\/v2\/pages\/29694","targetHints":{"allow":["GET"]}}],"collection":[{"href":"https:\/\/platform-a.co\/pl\/wp-json\/wp\/v2\/pages"}],"about":[{"href":"https:\/\/platform-a.co\/pl\/wp-json\/wp\/v2\/types\/page"}],"author":[{"embeddable":true,"href":"https:\/\/platform-a.co\/pl\/wp-json\/wp\/v2\/users\/1"}],"replies":[{"embeddable":true,"href":"https:\/\/platform-a.co\/pl\/wp-json\/wp\/v2\/comments?post=29694"}],"version-history":[{"count":15,"href":"https:\/\/platform-a.co\/pl\/wp-json\/wp\/v2\/pages\/29694\/revisions"}],"predecessor-version":[{"id":29718,"href":"https:\/\/platform-a.co\/pl\/wp-json\/wp\/v2\/pages\/29694\/revisions\/29718"}],"wp:attachment":[{"href":"https:\/\/platform-a.co\/pl\/wp-json\/wp\/v2\/media?parent=29694"}],"curies":[{"name":"wp","href":"https:\/\/api.w.org\/{rel}","templated":true}]}}